{"id":22,"date":"2023-05-20T14:47:18","date_gmt":"2023-05-20T13:47:18","guid":{"rendered":"https:\/\/nuriarobaina.es\/?page_id=17"},"modified":"2023-08-04T12:07:04","modified_gmt":"2023-08-04T12:07:04","slug":"empresas","status":"publish","type":"page","link":"https:\/\/nuriarobaina.es\/?page_id=22","title":{"rendered":"Empresas"},"content":{"rendered":"\n<div class=\"wp-block-group alignfull is-layout-constrained wp-block-group-is-layout-constrained\">\n<div class=\"wp-block-group alignwide is-layout-flow wp-container-1 wp-block-group-is-layout-flow\">\n<h2 class=\"wp-block-heading margin-top-none\" style=\"font-size:69px;line-height:1.22\"><strong>Empresas que han confiado en m\u00ed<\/strong><\/h2>\n\n\n\n<div class=\"wp-block-stackable-spacer stk-block-spacer stk--no-padding stk-block stk-123a4ed\" data-block-id=\"123a4ed\"><\/div>\n\n\n\n<div class=\"wp-block-stackable-text stk-block-text stk-block stk-d6cc737\" data-block-id=\"d6cc737\"><p class=\"stk-block-text__text\">La confianza es algo muy dif\u00edcil de ganar, pero con trabajo es f\u00e1cil de mantener.<\/p><\/div>\n\n\n\n<div style=\"height:30px\" aria-hidden=\"true\" class=\"wp-block-spacer\"><\/div>\n\n\n\n<div class=\"wp-block-stackable-columns alignwide stk-block-columns stk-block stk-a47f794\" data-block-id=\"a47f794\"><style>.stk-a47f794 .stk--block-align-a47f794{align-items:stretch !important}.stk-a47f794-column{--stk-columns-spacing:15px !important;--stk-column-gap:0px !important;row-gap:0px !important}<\/style><div class=\"stk-row stk-inner-blocks stk--block-align-a47f794 stk-block-content stk-content-align stk-a47f794-column\">\n<div class=\"wp-block-stackable-column stk-block-column stk-column stk-block stk-276ac3f\" data-v=\"4\" data-block-id=\"276ac3f\"><style>@media screen and (min-width:768px){.stk-276ac3f{flex:1 1 calc(34.2% - var(--stk-column-gap,0px) * 2 \/ 3 ) !important}}<\/style><div class=\"stk-column-wrapper stk-block-column__content stk-container stk-276ac3f-container stk--no-background stk--no-padding\"><div class=\"stk-block-content stk-inner-blocks stk-276ac3f-inner-blocks\">\n<figure class=\"wp-block-image alignright size-full is-resized has-custom-border\"><img decoding=\"async\" src=\"https:\/\/nuriarobaina.es\/wp-content\/uploads\/2023\/08\/Logo_Penguin.png\" alt=\"\" class=\"wp-image-865\" style=\"border-radius:0px\" width=\"276\" height=\"79\" srcset=\"https:\/\/nuriarobaina.es\/wp-content\/uploads\/2023\/08\/Logo_Penguin.png 602w, https:\/\/nuriarobaina.es\/wp-content\/uploads\/2023\/08\/Logo_Penguin-300x86.png 300w\" sizes=\"(max-width: 276px) 100vw, 276px\" \/><\/figure>\n<\/div><\/div><\/div>\n\n\n\n<div class=\"wp-block-stackable-column stk-block-column stk-column stk-block stk-6ec0287\" data-v=\"4\" data-block-id=\"6ec0287\"><style>@media screen and (min-width:768px){.stk-6ec0287{flex:1 1 calc(43.3% - var(--stk-column-gap,0px) * 2 \/ 3 ) !important}}<\/style><div class=\"stk-column-wrapper stk-block-column__content stk-container stk-6ec0287-container stk--no-background stk--no-padding\"><div class=\"stk-block-content stk-inner-blocks stk-6ec0287-inner-blocks\">\n<figure class=\"wp-block-image aligncenter size-full is-resized\"><img decoding=\"async\" src=\"https:\/\/nuriarobaina.es\/wp-content\/uploads\/2023\/08\/Logo_Sinopsis.png\" alt=\"\" class=\"wp-image-864\" width=\"170\" height=\"102\" srcset=\"https:\/\/nuriarobaina.es\/wp-content\/uploads\/2023\/08\/Logo_Sinopsis.png 1000w, https:\/\/nuriarobaina.es\/wp-content\/uploads\/2023\/08\/Logo_Sinopsis-300x180.png 300w, https:\/\/nuriarobaina.es\/wp-content\/uploads\/2023\/08\/Logo_Sinopsis-768x462.png 768w\" sizes=\"(max-width: 170px) 100vw, 170px\" \/><\/figure>\n<\/div><\/div><\/div>\n\n\n\n<div class=\"wp-block-stackable-column stk-block-column stk-column stk-block stk-445488e\" data-v=\"4\" data-block-id=\"445488e\"><style>@media screen and (min-width:768px){.stk-445488e{flex:1 1 calc(22.5% - var(--stk-column-gap,0px) * 2 \/ 3 ) !important}}<\/style><div class=\"stk-column-wrapper stk-block-column__content stk-container stk-445488e-container stk--no-background stk--no-padding\"><div class=\"stk-block-content stk-inner-blocks stk-445488e-inner-blocks\">\n<figure class=\"wp-block-image size-full is-resized\"><img decoding=\"async\" src=\"https:\/\/nuriarobaina.es\/wp-content\/uploads\/2023\/05\/logo_epsilon_orange.png\" alt=\"\" class=\"wp-image-798\" width=\"214\" height=\"76\"\/><\/figure>\n<\/div><\/div><\/div>\n<\/div><\/div>\n\n\n\n<div class=\"wp-block-stackable-columns alignwide stk-block-columns stk-block stk-910ecc8\" data-block-id=\"910ecc8\"><style>.stk-910ecc8 .stk--block-align-910ecc8{align-items:stretch !important}.stk-910ecc8{align-items:center !important;padding-top:1px !important;padding-right:1px !important;padding-bottom:1px !important;padding-left:1px !important;margin-right:-3px !important;margin-bottom:16px !important;display:flex !important}.stk-910ecc8-column{--stk-columns-spacing:50px !important;--stk-column-gap:0px !important;row-gap:0px !important}<\/style><div class=\"stk-row stk-inner-blocks has-text-align-center stk--block-align-910ecc8 stk-block-content stk-content-align stk-910ecc8-column\">\n<div class=\"wp-block-stackable-column stk-block-column stk-column stk-block stk-28b516a\" data-v=\"4\" data-block-id=\"28b516a\"><style>@media screen and (min-width:768px){.stk-28b516a{flex:1 1 calc(34% - var(--stk-column-gap,0px) * 2 \/ 3 ) !important}}<\/style><div class=\"stk-column-wrapper stk-block-column__content stk-container stk-28b516a-container stk--no-background stk--no-padding\"><div class=\"stk-block-content stk-inner-blocks stk-28b516a-inner-blocks\">\n<figure class=\"wp-block-image alignright size-full is-resized has-custom-border\"><img loading=\"lazy\" decoding=\"async\" src=\"https:\/\/nuriarobaina.es\/wp-content\/uploads\/2023\/08\/logo-big.png\" alt=\"\" class=\"wp-image-863\" style=\"border-radius:0px\" width=\"196\" height=\"196\" srcset=\"https:\/\/nuriarobaina.es\/wp-content\/uploads\/2023\/08\/logo-big.png 1000w, https:\/\/nuriarobaina.es\/wp-content\/uploads\/2023\/08\/logo-big-300x300.png 300w, https:\/\/nuriarobaina.es\/wp-content\/uploads\/2023\/08\/logo-big-150x150.png 150w, https:\/\/nuriarobaina.es\/wp-content\/uploads\/2023\/08\/logo-big-768x768.png 768w\" sizes=\"(max-width: 196px) 100vw, 196px\" \/><\/figure>\n<\/div><\/div><\/div>\n\n\n\n<div class=\"wp-block-stackable-column stk-block-column stk-column stk-block stk-3db5814\" data-v=\"4\" data-block-id=\"3db5814\"><style>@media screen and (min-width:768px){.stk-3db5814{flex:1 1 calc(41.7% - var(--stk-column-gap,0px) * 2 \/ 3 ) !important}}<\/style><div class=\"stk-column-wrapper stk-block-column__content stk-container stk-3db5814-container stk--no-background stk--no-padding\"><div class=\"stk-block-content stk-inner-blocks stk-3db5814-inner-blocks\">\n<div class=\"wp-block-stackable-spacer stk-block-spacer stk--no-padding stk-block stk-1f32cac\" data-block-id=\"1f32cac\"><\/div>\n\n\n\n<figure class=\"wp-block-image size-large is-resized\"><img loading=\"lazy\" decoding=\"async\" src=\"https:\/\/nuriarobaina.es\/wp-content\/uploads\/2023\/08\/Logo-alta-resolucion-1024x439.png\" alt=\"\" class=\"wp-image-866\" width=\"290\" height=\"124\" srcset=\"https:\/\/nuriarobaina.es\/wp-content\/uploads\/2023\/08\/Logo-alta-resolucion-1024x439.png 1024w, https:\/\/nuriarobaina.es\/wp-content\/uploads\/2023\/08\/Logo-alta-resolucion-300x129.png 300w, https:\/\/nuriarobaina.es\/wp-content\/uploads\/2023\/08\/Logo-alta-resolucion-768x329.png 768w, https:\/\/nuriarobaina.es\/wp-content\/uploads\/2023\/08\/Logo-alta-resolucion-1536x658.png 1536w, https:\/\/nuriarobaina.es\/wp-content\/uploads\/2023\/08\/Logo-alta-resolucion-2048x878.png 2048w\" sizes=\"(max-width: 290px) 100vw, 290px\" \/><\/figure>\n<\/div><\/div><\/div>\n\n\n\n<div class=\"wp-block-stackable-column stk-block-column stk-column stk-block stk-e15332d\" data-v=\"4\" data-block-id=\"e15332d\"><style>@media screen and (min-width:768px){.stk-e15332d{flex:1 1 calc(24.3% - var(--stk-column-gap,0px) * 2 \/ 3 ) !important}}<\/style><div class=\"stk-column-wrapper stk-block-column__content stk-container stk-e15332d-container stk--no-background stk--no-padding\"><div class=\"stk-block-content stk-inner-blocks stk-e15332d-inner-blocks\">\n<div class=\"wp-block-stackable-spacer stk-block-spacer stk--no-padding stk-block stk-6ea3144\" data-block-id=\"6ea3144\"><\/div>\n\n\n\n<figure class=\"wp-block-image size-large is-resized\"><img loading=\"lazy\" decoding=\"async\" src=\"https:\/\/nuriarobaina.es\/wp-content\/uploads\/2023\/08\/Logo_EPC-1024x1024.png\" alt=\"\" class=\"wp-image-867\" width=\"157\" height=\"157\" srcset=\"https:\/\/nuriarobaina.es\/wp-content\/uploads\/2023\/08\/Logo_EPC-1024x1024.png 1024w, https:\/\/nuriarobaina.es\/wp-content\/uploads\/2023\/08\/Logo_EPC-300x300.png 300w, https:\/\/nuriarobaina.es\/wp-content\/uploads\/2023\/08\/Logo_EPC-150x150.png 150w, https:\/\/nuriarobaina.es\/wp-content\/uploads\/2023\/08\/Logo_EPC-768x768.png 768w, https:\/\/nuriarobaina.es\/wp-content\/uploads\/2023\/08\/Logo_EPC-1536x1536.png 1536w, https:\/\/nuriarobaina.es\/wp-content\/uploads\/2023\/08\/Logo_EPC.png 2000w\" sizes=\"(max-width: 157px) 100vw, 157px\" \/><\/figure>\n<\/div><\/div><\/div>\n<\/div><\/div>\n<\/div>\n<\/div>\n","protected":false},"excerpt":{"rendered":"<p>Empresas que han confiado en m\u00ed La confianza es algo muy dif\u00edcil de ganar, pero con trabajo es f\u00e1cil de mantener.<\/p>\n","protected":false},"author":1,"featured_media":0,"parent":0,"menu_order":0,"comment_status":"closed","ping_status":"closed","template":"","meta":{"om_disable_all_campaigns":false,"_monsterinsights_skip_tracking":false,"_monsterinsights_sitenote_active":false,"_monsterinsights_sitenote_note":"","_monsterinsights_sitenote_category":0,"_themeisle_gutenberg_block_has_review":false,"footnotes":""},"blocksy_meta":"","aioseo_notices":[],"_links":{"self":[{"href":"https:\/\/nuriarobaina.es\/index.php?rest_route=\/wp\/v2\/pages\/22"}],"collection":[{"href":"https:\/\/nuriarobaina.es\/index.php?rest_route=\/wp\/v2\/pages"}],"about":[{"href":"https:\/\/nuriarobaina.es\/index.php?rest_route=\/wp\/v2\/types\/page"}],"author":[{"embeddable":true,"href":"https:\/\/nuriarobaina.es\/index.php?rest_route=\/wp\/v2\/users\/1"}],"replies":[{"embeddable":true,"href":"https:\/\/nuriarobaina.es\/index.php?rest_route=%2Fwp%2Fv2%2Fcomments&post=22"}],"version-history":[{"count":15,"href":"https:\/\/nuriarobaina.es\/index.php?rest_route=\/wp\/v2\/pages\/22\/revisions"}],"predecessor-version":[{"id":892,"href":"https:\/\/nuriarobaina.es\/index.php?rest_route=\/wp\/v2\/pages\/22\/revisions\/892"}],"wp:attachment":[{"href":"https:\/\/nuriarobaina.es\/index.php?rest_route=%2Fwp%2Fv2%2Fmedia&parent=22"}],"curies":[{"name":"wp","href":"https:\/\/api.w.org\/{rel}","templated":true}]}}