{"id":20,"date":"2023-05-20T14:44:22","date_gmt":"2023-05-20T13:44:22","guid":{"rendered":"https:\/\/nuriarobaina.es\/?page_id=13"},"modified":"2023-05-29T10:31:17","modified_gmt":"2023-05-29T10:31:17","slug":"sobre-mi","status":"publish","type":"page","link":"https:\/\/nuriarobaina.es\/?page_id=20","title":{"rendered":"Sobre m\u00ed"},"content":{"rendered":"\t\t<div data-elementor-type=\"wp-page\" data-elementor-id=\"20\" class=\"elementor elementor-20\">\n\t\t\t\t\t\t<section class=\"elementor-section elementor-top-section elementor-element elementor-element-2d5bb8a3 elementor-section-boxed elementor-section-height-default elementor-section-height-default\" data-id=\"2d5bb8a3\" data-element_type=\"section\">\n\t\t\t\t\t\t<div class=\"elementor-container elementor-column-gap-default\">\n\t\t\t\t\t<div class=\"elementor-column elementor-col-100 elementor-top-column elementor-element elementor-element-22478775\" data-id=\"22478775\" data-element_type=\"column\">\n\t\t\t<div class=\"elementor-widget-wrap elementor-element-populated\">\n\t\t\t\t\t\t<div class=\"elementor-element elementor-element-64b60d84 elementor-widget elementor-widget-text-editor\" data-id=\"64b60d84\" data-element_type=\"widget\" data-widget_type=\"text-editor.default\">\n\t\t\t\t<div class=\"elementor-widget-container\">\n\t\t\t\t\t\t\t\t\t\n<div class=\"wp-block-group alignfull has-text-color has-background has-link-color wp-elements-006ff4741775f19d45ced00b6cfa3565 is-layout-constrained wp-block-group-is-layout-constrained\" style=\"color: #1d1e1e; background-color: #ece2e0; padding-top: 80px; padding-bottom: 80px;\">\n<div class=\"wp-block-stackable-columns alignwide stk-block-columns stk-block stk-wrt4xn9\" data-block-id=\"wrt4xn9\">\n<div class=\"stk-row stk-inner-blocks stk-block-content stk-content-align stk-wrt4xn9-column alignwide\">\n<div class=\"wp-block-stackable-column stk-block-column stk-column stk-block stk-dzq362n\" data-v=\"4\" data-block-id=\"dzq362n\"><style>.stk-dzq362n-container{padding-top:0px !important;padding-right:121px !important;padding-bottom:nullpx !important;padding-left:nullpx !important}@media screen and (min-width:768px){.stk-dzq362n{flex:1 1 calc(95.4% - var(--stk-column-gap,0px) * 1 \/ 2 ) !important}}<\/style>\n<div class=\"stk-column-wrapper stk-block-column__content stk-container stk-dzq362n-container stk--no-background stk--no-padding\">\n<div class=\"stk-block-content stk-inner-blocks stk-dzq362n-inner-blocks\">\n<h2 class=\"wp-block-heading\" style=\"margin-bottom: 0px; font-size: 72px; line-height: 1.1; text-transform: none;\">\u00bfY t\u00fa qui\u00e9n eres <em>peazo<\/em>&#8230;? &#8211;Ojal\u00e1 lo leas como la Veneno&#8211;<\/h2>\n<\/div>\n<\/div>\n<\/div>\n\n<div class=\"wp-block-stackable-column stk-block-column stk-column stk-block stk-936i0kv\" data-v=\"4\" data-block-id=\"936i0kv\"><style>@media screen and (min-width:768px){.stk-936i0kv{flex:1 1 calc(4.6% - var(--stk-column-gap,0px) * 1 \/ 2 ) !important}}<\/style>\n<div class=\"stk-column-wrapper stk-block-column__content stk-container stk-936i0kv-container stk--no-background stk--no-padding\">\n<div class=\"stk-block-content stk-inner-blocks stk-936i0kv-inner-blocks\">\u00a0<\/div>\n<\/div>\n<\/div>\n<\/div>\n<\/div>\n\n<div class=\"wp-block-stackable-columns stk-block-columns stk-block stk-v3hr2dc\" data-block-id=\"v3hr2dc\">\n<div class=\"stk-row stk-inner-blocks stk-block-content stk-content-align stk-v3hr2dc-column\">\n<div class=\"wp-block-stackable-column stk-block-column stk-column stk-block stk-o2visxf\" data-v=\"4\" data-block-id=\"o2visxf\"><style>.stk-o2visxf{align-self:center !important}@media screen and (min-width:768px){.stk-o2visxf{flex:1 1 66.7% !important}}<\/style>\n<div class=\"stk-column-wrapper stk-block-column__content stk-container stk-o2visxf-container stk--no-background stk--no-padding\">\n<div class=\"has-text-align-left stk-block-content stk-inner-blocks stk-o2visxf-inner-blocks\">\n<p class=\"has-palette-color-1-color has-text-color has-medium-font-size\" style=\"margin-top: 8px;\">\u00a1Hola a todo el mundo! Me presento: Soy N\u00faria Robaina, Social Media freelance a tiempo parcial y amante de las redes sociales a tiempo completo.<\/p>\n\n<p class=\"has-palette-color-1-color has-text-color has-medium-font-size\">Nac\u00ed en Gran Canaria en 1994. Unos a\u00f1os despu\u00e9s, me march\u00e9 a Barcelona, donde estudi\u00e9 el grado en Publicidad y Relaciones P\u00fablicas. Al terminar la universidad, hice un m\u00e1ster en Protocolo, gesti\u00f3n de eventos y Relaciones P\u00fablicas en la misma ciudad.<\/p>\n<\/div>\n<\/div>\n<\/div>\n\n<div class=\"wp-block-stackable-column stk-block-column stk-column stk-block stk-k0q3mzl\" data-v=\"4\" data-block-id=\"k0q3mzl\"><style>@media screen and (min-width:768px){.stk-k0q3mzl{flex:1 1 33.3% !important}}<\/style>\n<div class=\"stk-column-wrapper stk-block-column__content stk-container stk-k0q3mzl-container stk--no-background stk--no-padding\">\n<div class=\"stk-block-content stk-inner-blocks stk-k0q3mzl-inner-blocks\">\n<figure class=\"wp-block-image size-large is-resized\"><img fetchpriority=\"high\" decoding=\"async\" class=\"wp-image-320\" src=\"https:\/\/nuriarobaina.es\/wp-content\/uploads\/2023\/05\/DSC_0189-683x1024.jpeg\" alt=\"\" width=\"351\" height=\"525\" srcset=\"https:\/\/nuriarobaina.es\/wp-content\/uploads\/2023\/05\/DSC_0189-683x1024.jpeg 683w, https:\/\/nuriarobaina.es\/wp-content\/uploads\/2023\/05\/DSC_0189-200x300.jpeg 200w, https:\/\/nuriarobaina.es\/wp-content\/uploads\/2023\/05\/DSC_0189-scaled.jpeg 1707w\" sizes=\"(max-width: 351px) 100vw, 351px\" \/><\/figure>\n<\/div>\n<\/div>\n<\/div>\n<\/div>\n<\/div>\n\n<div class=\"wp-block-stackable-columns stk-block-columns stk-block stk-1xnetky\" data-block-id=\"1xnetky\">\n<div class=\"stk-row stk-inner-blocks stk-block-content stk-content-align stk-1xnetky-column\">\n<div class=\"wp-block-stackable-column stk-block-column stk-column stk-block stk-c7jkwus\" data-v=\"4\" data-block-id=\"c7jkwus\"><style>@media screen and (min-width:768px){.stk-c7jkwus{flex:1 1 33.3% !important}}<\/style>\n<div class=\"stk-column-wrapper stk-block-column__content stk-container stk-c7jkwus-container stk--no-background stk--no-padding\">\n<div class=\"stk-block-content stk-inner-blocks stk-c7jkwus-inner-blocks\">\n<div class=\"wp-block-stackable-image stk-block-image stk-block stk-4jwv6hv\" data-block-id=\"4jwv6hv\">\n<figure class=\"stk-img-wrapper stk-image--shape-stretch\"><img decoding=\"async\" class=\"stk-img alignnone wp-image-338\" src=\"https:\/\/nuriarobaina.es\/wp-content\/uploads\/2023\/05\/DSC_0232-scaled.jpeg\" alt=\"\" width=\"229\" height=\"343\" srcset=\"https:\/\/nuriarobaina.es\/wp-content\/uploads\/2023\/05\/DSC_0232-scaled.jpeg 1707w, https:\/\/nuriarobaina.es\/wp-content\/uploads\/2023\/05\/DSC_0232-scaled-600x900.jpeg 600w, https:\/\/nuriarobaina.es\/wp-content\/uploads\/2023\/05\/DSC_0232-200x300.jpeg 200w, https:\/\/nuriarobaina.es\/wp-content\/uploads\/2023\/05\/DSC_0232-683x1024.jpeg 683w, https:\/\/nuriarobaina.es\/wp-content\/uploads\/2023\/05\/DSC_0232-768x1152.jpeg 768w, https:\/\/nuriarobaina.es\/wp-content\/uploads\/2023\/05\/DSC_0232-1024x1536.jpeg 1024w, https:\/\/nuriarobaina.es\/wp-content\/uploads\/2023\/05\/DSC_0232-1365x2048.jpeg 1365w, https:\/\/nuriarobaina.es\/wp-content\/uploads\/2023\/05\/DSC_0232-1568x2352.jpeg 1568w\" sizes=\"(max-width: 229px) 100vw, 229px\" \/><\/figure>\n<\/div>\n<\/div>\n<\/div>\n<\/div>\n\n<div class=\"wp-block-stackable-column stk-block-column stk-column stk-block stk-jx1uuir\" data-v=\"4\" data-block-id=\"jx1uuir\"><style>.stk-jx1uuir{align-self:center !important}@media screen and (min-width:768px){.stk-jx1uuir{flex:1 1 66.7% !important}}<\/style>\n<div class=\"stk-column-wrapper stk-block-column__content stk-container stk-jx1uuir-container stk--no-background stk--no-padding\">\n<div class=\"stk-block-content stk-inner-blocks stk-jx1uuir-inner-blocks\">\n<p class=\"has-palette-color-1-color has-text-color has-medium-font-size\">En 2017, decid\u00ed que era hora de volver al para\u00edso, as\u00ed que cog\u00ed mis maletas y me tir\u00e9 a la piscina de la incertidumbre. Sab\u00eda que las redes sociales eran mi futuro, as\u00ed que mientras trabajaba en una agencia de comunicaci\u00f3n, estudi\u00e9 un m\u00e1ster online en Social Media: gesti\u00f3n y estrategia. En 2021, acab\u00e9 el m\u00e1ster del Profesorado, algo que me servir\u00e1 para transmitir mi pasi\u00f3n por mi profesi\u00f3n a otras personas. S\u00ed, s\u00e9 lo que est\u00e1s pensando: podr\u00edamos decir que he pasado toda mi \u2014corta\u2014 vida estudiando.<\/p>\n\n<p class=\"has-palette-color-1-color has-text-color has-medium-font-size\">En 2020, en plena pandemia, decid\u00ed lanzarme a la aventura de ser freelance. \u00a1Y aqu\u00ed estoy! As\u00ed que desde hace m\u00e1s de cinco a\u00f1os me dedico a la creaci\u00f3n de contenido y gesti\u00f3n de redes sociales de diferentes marcas y empresas, tanto de Canarias como a nivel nacional. Y puedo afirmar, sin ninguna duda, que es el trabajo de mi vida.<\/p>\n<\/div>\n<\/div>\n<\/div>\n<\/div>\n<\/div>\n<\/div>\n\t\t\t\t\t\t\t\t<\/div>\n\t\t\t\t<\/div>\n\t\t\t\t\t<\/div>\n\t\t<\/div>\n\t\t\t\t\t<\/div>\n\t\t<\/section>\n\t\t\t\t<\/div>\n\t\t","protected":false},"excerpt":{"rendered":"<p>\u00bfY t\u00fa qui\u00e9n eres peazo&#8230;? &#8211;Ojal\u00e1 lo leas como la Veneno&#8211; \u00a0 \u00a1Hola a todo el mundo! Me presento: Soy N\u00faria Robaina, Social Media freelance a tiempo parcial y amante de las redes sociales a tiempo completo. Nac\u00ed en Gran Canaria en 1994. Unos a\u00f1os despu\u00e9s, me march\u00e9 a Barcelona, donde estudi\u00e9 el grado en [&hellip;]<\/p>\n","protected":false},"author":1,"featured_media":0,"parent":0,"menu_order":0,"comment_status":"closed","ping_status":"closed","template":"","meta":{"om_disable_all_campaigns":false,"_monsterinsights_skip_tracking":false,"_monsterinsights_sitenote_active":false,"_monsterinsights_sitenote_note":"","_monsterinsights_sitenote_category":0,"_themeisle_gutenberg_block_has_review":false,"footnotes":""},"blocksy_meta":"","aioseo_notices":[],"_links":{"self":[{"href":"https:\/\/nuriarobaina.es\/index.php?rest_route=\/wp\/v2\/pages\/20"}],"collection":[{"href":"https:\/\/nuriarobaina.es\/index.php?rest_route=\/wp\/v2\/pages"}],"about":[{"href":"https:\/\/nuriarobaina.es\/index.php?rest_route=\/wp\/v2\/types\/page"}],"author":[{"embeddable":true,"href":"https:\/\/nuriarobaina.es\/index.php?rest_route=\/wp\/v2\/users\/1"}],"replies":[{"embeddable":true,"href":"https:\/\/nuriarobaina.es\/index.php?rest_route=%2Fwp%2Fv2%2Fcomments&post=20"}],"version-history":[{"count":18,"href":"https:\/\/nuriarobaina.es\/index.php?rest_route=\/wp\/v2\/pages\/20\/revisions"}],"predecessor-version":[{"id":855,"href":"https:\/\/nuriarobaina.es\/index.php?rest_route=\/wp\/v2\/pages\/20\/revisions\/855"}],"wp:attachment":[{"href":"https:\/\/nuriarobaina.es\/index.php?rest_route=%2Fwp%2Fv2%2Fmedia&parent=20"}],"curies":[{"name":"wp","href":"https:\/\/api.w.org\/{rel}","templated":true}]}}