{"id":19,"date":"2023-05-20T14:42:52","date_gmt":"2023-05-20T13:42:52","guid":{"rendered":"https:\/\/nuriarobaina.es\/?page_id=11"},"modified":"2023-05-27T11:53:35","modified_gmt":"2023-05-27T11:53:35","slug":"servicios","status":"publish","type":"page","link":"https:\/\/nuriarobaina.es\/?page_id=19","title":{"rendered":"Servicios"},"content":{"rendered":"\n<div class=\"wp-block-group is-layout-constrained wp-block-group-is-layout-constrained\" style=\"margin-top:0px;margin-bottom:0px;padding-top:0vw;padding-bottom:7vw\">\n<div class=\"wp-block-stackable-heading stk-block-heading stk-block-heading--v2 stk-block stk-54bf2fb\" id=\"tu-pide-por-esa-boquita\" data-block-id=\"54bf2fb\"><style>.stk-54bf2fb{margin-bottom:8px !important}.stk-54bf2fb .stk-block-heading__text{font-size:72px !important}@media screen and (max-width:1023px){.stk-54bf2fb .stk-block-heading__text{font-size:50px !important}}<\/style><h2 class=\"stk-block-heading__text has-text-align-center\">T\u00fa pide por esa boquita<\/h2><\/div>\n\n\n\n<div class=\"wp-block-stackable-spacer stk-block-spacer stk--no-padding stk-block stk-8197b48\" data-block-id=\"8197b48\"><\/div>\n\n\n\n<p>En esta vida, por pedir que no sea; luego ya veremos si podemos cumplirlo. Por si no se te ocurre nada, te dejo una lista de cosas que podr\u00eda hacer por ti.<\/p>\n\n\n\n<div class=\"wp-block-stackable-spacer stk-block-spacer stk--no-padding stk-block stk-1785370\" data-block-id=\"1785370\"><\/div>\n\n\n\n<details class=\"wp-block-stackable-accordion stk-block-accordion stk-inner-blocks stk-block-content stk-block stk-f161d49 is-style-default\" data-block-id=\"f161d49\">\n<summary class=\"wp-block-stackable-column stk-block-column stk-column stk-block stk-312e8d0 stk--container-small stk-block-accordion__heading\" data-v=\"4\" data-block-id=\"312e8d0\"><div class=\"stk-column-wrapper stk-block-column__content stk-container stk-312e8d0-container stk-hover-parent\"><div class=\"stk-block-content stk-inner-blocks stk-312e8d0-inner-blocks\">\n<div class=\"wp-block-stackable-icon-label stk-block-icon-label stk-block stk-2ac01f4\" data-block-id=\"2ac01f4\"><div class=\"stk-row stk-inner-blocks stk-block-content\">\n<div class=\"wp-block-stackable-heading stk-block-heading stk-block-heading--v2 stk-block stk-134dd84\" id=\"redes-sociales\" data-block-id=\"134dd84\"><h4 class=\"stk-block-heading__text\">Redes sociales<\/h4><\/div>\n\n\n\n<div class=\"wp-block-stackable-icon stk-block-icon stk-block stk-9753e03\" data-block-id=\"9753e03\"><span class=\"stk--svg-wrapper\"><div class=\"stk--inner-svg\"><svg style=\"height:0;width:0\"><defs><linearGradient id=\"linear-gradient-9753e03\" x1=\"0\" x2=\"100%\" y1=\"0\" y2=\"0\"><stop offset=\"0%\" style=\"stop-opacity:1;stop-color:var(--linear-gradient-9753-e-03-color-1)\"><\/stop><stop offset=\"100%\" style=\"stop-opacity:1;stop-color:var(--linear-gradient-9753-e-03-color-2)\"><\/stop><\/linearGradient><\/defs><\/svg><svg data-prefix=\"fas\" data-icon=\"chevron-down\" class=\"svg-inline--fa fa-chevron-down fa-w-14\" xmlns=\"http:\/\/www.w3.org\/2000\/svg\" viewBox=\"0 0 448 512\" aria-hidden=\"true\" width=\"32\" height=\"32\"><path fill=\"currentColor\" d=\"M207.029 381.476L12.686 187.132c-9.373-9.373-9.373-24.569 0-33.941l22.667-22.667c9.357-9.357 24.522-9.375 33.901-.04L224 284.505l154.745-154.021c9.379-9.335 24.544-9.317 33.901.04l22.667 22.667c9.373 9.373 9.373 24.569 0 33.941L240.971 381.476c-9.373 9.372-24.569 9.372-33.942 0z\"><\/path><\/svg><\/div><\/span><\/div>\n<\/div><\/div>\n<\/div><\/div><\/summary>\n\n\n\n<div class=\"wp-block-stackable-column stk-block-column stk-column stk-block stk-412ebdf stk-block-accordion__content\" data-v=\"4\" data-block-id=\"412ebdf\"><style>.stk-412ebdf-container{margin-top:0px !important;margin-right:0px !important;margin-bottom:0px !important;margin-left:0px !important}.stk-412ebdf{align-self:center !important;max-width:1500px !important;padding-top:0px !important;padding-right:0px !important;padding-bottom:0px !important;padding-left:0px !important;margin-top:0px !important;margin-right:0px !important;margin-bottom:0px !important;margin-left:0px !important}.stk-412ebdf-inner-blocks{align-items:center !important;justify-content:flex-start !important;row-gap:0px !important}<\/style><div class=\"stk-column-wrapper stk-block-column__content stk-container stk-412ebdf-container stk--no-background stk--no-padding\"><div class=\"has-text-align-center stk--column-flex stk-block-content stk-inner-blocks stk-412ebdf-inner-blocks\">\n<div id=\"wp-block-themeisle-blocks-advanced-columns-75c23347\" class=\"wp-block-themeisle-blocks-advanced-columns has-2-columns has-desktop-equal-layout has-tablet-equal-layout has-mobile-collapsedRows-layout has-vertical-unset\"><div class=\"wp-block-themeisle-blocks-advanced-columns-overlay\"><\/div><div class=\"innerblocks-wrap\">\n<div id=\"wp-block-themeisle-blocks-advanced-column-9b2a118f\" class=\"wp-block-themeisle-blocks-advanced-column\">\n<figure class=\"wp-block-image aligncenter size-large is-resized\"><img fetchpriority=\"high\" decoding=\"async\" src=\"https:\/\/nuriarobaina.es\/wp-content\/uploads\/2023\/05\/DSC_0209-683x1024.jpeg\" alt=\"\" class=\"wp-image-259\" width=\"481\" height=\"720\" srcset=\"https:\/\/nuriarobaina.es\/wp-content\/uploads\/2023\/05\/DSC_0209-683x1024.jpeg 683w, https:\/\/nuriarobaina.es\/wp-content\/uploads\/2023\/05\/DSC_0209-200x300.jpeg 200w, https:\/\/nuriarobaina.es\/wp-content\/uploads\/2023\/05\/DSC_0209-1366x2048.jpeg 1366w, https:\/\/nuriarobaina.es\/wp-content\/uploads\/2023\/05\/DSC_0209-scaled.jpeg 1707w\" sizes=\"(max-width: 481px) 100vw, 481px\" \/><\/figure>\n<\/div>\n\n\n\n<div id=\"wp-block-themeisle-blocks-advanced-column-9ac08207\" class=\"wp-block-themeisle-blocks-advanced-column\">\n<div class=\"wp-block-stackable-heading stk-block-heading stk-block-heading--v2 stk-block stk-28623b3\" id=\"ideacion-de-estrategia\" data-block-id=\"28623b3\"><h3 class=\"stk-block-heading__text\">Ideaci\u00f3n de estrategia<\/h3><\/div>\n\n\n\n<div class=\"wp-block-stackable-text stk-block-text stk-block stk-3cbc702\" data-block-id=\"3cbc702\"><style>.stk-3cbc702{column-count:1 !important;column-gap:0px !important}<\/style><p class=\"stk-block-text__text has-text-align-center\">Detr\u00e1s de lo que publicas en tus redes sociales, tiene que haber una estrategia que le d\u00e9 sentido a todo; no se puede publicar por publicar. Y a m\u00ed me encanta encontrar el porqu\u00e9 de todo.<\/p><\/div>\n\n\n\n<div class=\"wp-block-stackable-heading stk-block-heading stk-block-heading--v2 stk-block stk-2577ed4\" id=\"creacion-de-contenido\" data-block-id=\"2577ed4\"><h3 class=\"stk-block-heading__text\">Creaci\u00f3n de contenido<\/h3><\/div>\n\n\n\n<div class=\"wp-block-stackable-text stk-block-text stk-block stk-0dc7d8c\" data-block-id=\"0dc7d8c\"><style>.stk-0dc7d8c{column-count:1 !important;column-gap:0px !important}<\/style><p class=\"stk-block-text__text has-text-align-center\">No solo me gusta publicar contenido, sino que adoro crearlo: fotos, v\u00eddeos, dise\u00f1os\u2026 \u00a1Todo lo que sea necesario para mostrar tu marca en redes!<\/p><\/div>\n\n\n\n<div class=\"wp-block-stackable-heading stk-block-heading stk-block-heading--v2 stk-block stk-2664d0d\" id=\"community-manager\" data-block-id=\"2664d0d\"><h3 class=\"stk-block-heading__text\">Community manager<\/h3><\/div>\n\n\n\n<div class=\"wp-block-stackable-text stk-block-text stk-block stk-65dd8b7\" data-block-id=\"65dd8b7\"><style>.stk-65dd8b7{column-count:1 !important;column-gap:0px !important}<\/style><p class=\"stk-block-text__text has-text-align-center\">El d\u00eda a d\u00eda de las redes sociales: publicar posts, responder comentarios y mensajes, servicio de atenci\u00f3n al cliente\u2026 Vamos, que los usuarios sepan que los est\u00e1s escuchando.<\/p><\/div>\n\n\n\n<div class=\"wp-block-stackable-heading stk-block-heading stk-block-heading--v2 stk-block stk-ddb5d40\" id=\"scouting\" data-block-id=\"ddb5d40\"><h3 class=\"stk-block-heading__text\">Scouting<\/h3><\/div>\n\n\n\n<div class=\"wp-block-stackable-text stk-block-text stk-block stk-8a2750c\" data-block-id=\"8a2750c\"><style>.stk-8a2750c{column-count:1 !important;column-gap:0px !important}<\/style><p class=\"stk-block-text__text has-text-align-center\">Yes, todo en ingl\u00e9s suena mejor. Puedo buscar en RRSS perfiles con determinadas caracter\u00edsticas para que realicen acciones con tu empresa (por ejemplo, escribir un libro). Nunca me hizo tan feliz que me pagasen por pasar tiempo en redes sociales.<\/p><\/div>\n\n\n\n<div class=\"wp-block-stackable-heading stk-block-heading stk-block-heading--v2 stk-block stk-f5db26a\" id=\"contacto-y-mediacion-con-influencers\" data-block-id=\"f5db26a\"><h3 class=\"stk-block-heading__text\">Contacto y mediaci\u00f3n con influencers<\/h3><\/div>\n\n\n\n<div class=\"wp-block-stackable-text stk-block-text stk-block stk-528c4cf\" data-block-id=\"528c4cf\"><style>.stk-528c4cf{column-count:1 !important;column-gap:0px !important}<\/style><p class=\"stk-block-text__text has-text-align-center\">Los influencers dan visibilidad a tu marca y te ayudan a llegar a una mayor audiencia, pero es importante elegir bien para no crear el efecto contrario. \u00a1Ojo de loca no se equivoca!<\/p><\/div>\n<\/div>\n<\/div><\/div>\n<\/div><\/div><\/div>\n<\/details>\n\n\n\n<details class=\"wp-block-stackable-accordion stk-block-accordion stk-inner-blocks stk-block-content stk-block stk-88ecd36 is-style-default\" data-block-id=\"88ecd36\">\n<summary class=\"wp-block-stackable-column stk-block-column stk-column stk-block stk-2fd2793 stk--container-small stk-block-accordion__heading\" data-v=\"4\" data-block-id=\"2fd2793\"><div class=\"stk-column-wrapper stk-block-column__content stk-container stk-2fd2793-container stk-hover-parent\"><div class=\"stk-block-content stk-inner-blocks stk-2fd2793-inner-blocks\">\n<div class=\"wp-block-stackable-icon-label stk-block-icon-label stk-block stk-e7d7121\" data-block-id=\"e7d7121\"><div class=\"stk-row stk-inner-blocks stk-block-content\">\n<div class=\"wp-block-stackable-heading stk-block-heading stk-block-heading--v2 stk-block stk-95741a4\" id=\"eventos\" data-block-id=\"95741a4\"><h4 class=\"stk-block-heading__text\">Eventos<\/h4><\/div>\n\n\n\n<div class=\"wp-block-stackable-icon stk-block-icon stk-block stk-3726932\" data-block-id=\"3726932\"><span class=\"stk--svg-wrapper\"><div class=\"stk--inner-svg\"><svg style=\"height:0;width:0\"><defs><linearGradient id=\"linear-gradient-3726932\" x1=\"0\" x2=\"100%\" y1=\"0\" y2=\"0\"><stop offset=\"0%\" style=\"stop-opacity:1;stop-color:var(--linear-gradient-3726932-color-1)\"><\/stop><stop offset=\"100%\" style=\"stop-opacity:1;stop-color:var(--linear-gradient-3726932-color-2)\"><\/stop><\/linearGradient><\/defs><\/svg><svg data-prefix=\"fas\" data-icon=\"chevron-down\" class=\"svg-inline--fa fa-chevron-down fa-w-14\" xmlns=\"http:\/\/www.w3.org\/2000\/svg\" viewBox=\"0 0 448 512\" aria-hidden=\"true\" width=\"32\" height=\"32\"><path fill=\"currentColor\" d=\"M207.029 381.476L12.686 187.132c-9.373-9.373-9.373-24.569 0-33.941l22.667-22.667c9.357-9.357 24.522-9.375 33.901-.04L224 284.505l154.745-154.021c9.379-9.335 24.544-9.317 33.901.04l22.667 22.667c9.373 9.373 9.373 24.569 0 33.941L240.971 381.476c-9.373 9.372-24.569 9.372-33.942 0z\"><\/path><\/svg><\/div><\/span><\/div>\n<\/div><\/div>\n<\/div><\/div><\/summary>\n\n\n\n<div class=\"wp-block-stackable-column stk-block-column stk-column stk-block stk-b50f4a0 stk-block-accordion__content\" data-v=\"4\" data-block-id=\"b50f4a0\"><style>.stk-b50f4a0{align-self:center !important;max-width:1500px !important}.stk-b50f4a0-inner-blocks{align-items:center !important;justify-content:space-evenly !important}<\/style><div class=\"stk-column-wrapper stk-block-column__content stk-container stk-b50f4a0-container stk--no-background stk--no-padding\"><div class=\"has-text-align-center stk--column-flex stk-block-content stk-inner-blocks stk-b50f4a0-inner-blocks\">\n<div class=\"wp-block-stackable-columns stk-block-columns stk-block stk-fe2ffda\" data-block-id=\"fe2ffda\"><div class=\"stk-row stk-inner-blocks stk-block-content stk-content-align stk-fe2ffda-column\">\n<div class=\"wp-block-stackable-column stk-block-column stk-column stk-block stk-f73bbcd\" data-v=\"4\" data-block-id=\"f73bbcd\"><div class=\"stk-column-wrapper stk-block-column__content stk-container stk-f73bbcd-container stk--no-background stk--no-padding\"><div class=\"stk-block-content stk-inner-blocks stk-f73bbcd-inner-blocks\">\n<div id=\"wp-block-themeisle-blocks-advanced-columns-3a8f25c6\" class=\"wp-block-themeisle-blocks-advanced-columns has-2-columns has-desktop-equal-layout has-tablet-equal-layout has-mobile-collapsedRows-layout has-vertical-unset\"><div class=\"wp-block-themeisle-blocks-advanced-columns-overlay\"><\/div><div class=\"innerblocks-wrap\">\n<div id=\"wp-block-themeisle-blocks-advanced-column-cfad759c\" class=\"wp-block-themeisle-blocks-advanced-column\">\n<div class=\"wp-block-stackable-heading stk-block-heading stk-block-heading--v2 stk-block stk-8220283\" id=\"talleres-y-charlas\" data-block-id=\"8220283\"><h2 class=\"stk-block-heading__text\">Talleres y charlas<\/h2><\/div>\n\n\n\n<p>Por si no lo hab\u00edas intuido, me encanta hablar. Por eso, adoro preparar talleres y charlas sobre diferentes tem\u00e1ticas como redes sociales, marca personal, comunicaci\u00f3n corporativa, etc. \u00a1Siempre adaptado al p\u00fablico que va a recibirlo!<\/p>\n\n\n\n<div class=\"wp-block-stackable-heading stk-block-heading stk-block-heading--v2 stk-block stk-1c61d82\" id=\"organizacion\" data-block-id=\"1c61d82\"><h2 class=\"stk-block-heading__text\">Organizaci\u00f3n<\/h2><\/div>\n\n\n\n<p>Me encanta un sarao, no puedo negarlo. Puedo ayudarte a organizar algunos eventos como presentaciones, firmas, inauguraciones, etc.<\/p>\n\n\n\n<div class=\"wp-block-stackable-heading stk-block-heading stk-block-heading--v2 stk-block stk-4187252\" id=\"cobertura\" data-block-id=\"4187252\"><h2 class=\"stk-block-heading__text\">Cobertura<\/h2><\/div>\n\n\n\n<p>Si no aparece en redes, no ha ocurrido. As\u00ed que no dudes en contactar conmigo si necesitas que retransmita alg\u00fan evento que hayas organizado en tu empresa.<\/p>\n<\/div>\n\n\n\n<div id=\"wp-block-themeisle-blocks-advanced-column-5f2ec976\" class=\"wp-block-themeisle-blocks-advanced-column\">\n<figure class=\"wp-block-image aligncenter size-large is-resized has-custom-border\"><img decoding=\"async\" src=\"https:\/\/nuriarobaina.es\/wp-content\/uploads\/2023\/05\/DSC_0534-683x1024.jpeg\" alt=\"\" class=\"wp-image-368\" style=\"border-style:none;border-width:0px;border-radius:0px\" width=\"481\" height=\"720\" srcset=\"https:\/\/nuriarobaina.es\/wp-content\/uploads\/2023\/05\/DSC_0534-683x1024.jpeg 683w, https:\/\/nuriarobaina.es\/wp-content\/uploads\/2023\/05\/DSC_0534-200x300.jpeg 200w, https:\/\/nuriarobaina.es\/wp-content\/uploads\/2023\/05\/DSC_0534-scaled.jpeg 1707w\" sizes=\"(max-width: 481px) 100vw, 481px\" \/><\/figure>\n<\/div>\n<\/div><\/div>\n<\/div><\/div><\/div>\n<\/div><\/div>\n<\/div><\/div><\/div>\n<\/details>\n\n\n\n<details class=\"wp-block-stackable-accordion stk-block-accordion stk-inner-blocks stk-block-content stk-block stk-c0056a7 is-style-default\" data-block-id=\"c0056a7\">\n<summary class=\"wp-block-stackable-column stk-block-column stk-column stk-block stk-173130e stk--container-small stk-block-accordion__heading\" data-v=\"4\" data-block-id=\"173130e\"><div class=\"stk-column-wrapper stk-block-column__content stk-container stk-173130e-container stk-hover-parent\"><div class=\"stk-block-content stk-inner-blocks stk-173130e-inner-blocks\">\n<div class=\"wp-block-stackable-icon-label stk-block-icon-label stk-block stk-daed605\" data-block-id=\"daed605\"><div class=\"stk-row stk-inner-blocks stk-block-content\">\n<div class=\"wp-block-stackable-heading stk-block-heading stk-block-heading--v2 stk-block stk-14a80c9\" id=\"otras-cositas\" data-block-id=\"14a80c9\"><h4 class=\"stk-block-heading__text\">Otras cositas<\/h4><\/div>\n\n\n\n<div class=\"wp-block-stackable-icon stk-block-icon stk-block stk-a5fddb2\" data-block-id=\"a5fddb2\"><span class=\"stk--svg-wrapper\"><div class=\"stk--inner-svg\"><svg style=\"height:0;width:0\"><defs><linearGradient id=\"linear-gradient-a5fddb2\" x1=\"0\" x2=\"100%\" y1=\"0\" y2=\"0\"><stop offset=\"0%\" style=\"stop-opacity:1;stop-color:var(--linear-gradient-a-5-fddb-2-color-1)\"><\/stop><stop offset=\"100%\" style=\"stop-opacity:1;stop-color:var(--linear-gradient-a-5-fddb-2-color-2)\"><\/stop><\/linearGradient><\/defs><\/svg><svg data-prefix=\"fas\" data-icon=\"chevron-down\" class=\"svg-inline--fa fa-chevron-down fa-w-14\" xmlns=\"http:\/\/www.w3.org\/2000\/svg\" viewBox=\"0 0 448 512\" aria-hidden=\"true\" width=\"32\" height=\"32\"><path fill=\"currentColor\" d=\"M207.029 381.476L12.686 187.132c-9.373-9.373-9.373-24.569 0-33.941l22.667-22.667c9.357-9.357 24.522-9.375 33.901-.04L224 284.505l154.745-154.021c9.379-9.335 24.544-9.317 33.901.04l22.667 22.667c9.373 9.373 9.373 24.569 0 33.941L240.971 381.476c-9.373 9.372-24.569 9.372-33.942 0z\"><\/path><\/svg><\/div><\/span><\/div>\n<\/div><\/div>\n<\/div><\/div><\/summary>\n\n\n\n<div class=\"wp-block-stackable-column stk-block-column stk-column stk-block stk-8d0f3cb stk-block-accordion__content\" data-v=\"4\" data-block-id=\"8d0f3cb\"><div class=\"stk-column-wrapper stk-block-column__content stk-container stk-8d0f3cb-container stk--no-background stk--no-padding\"><div class=\"stk-block-content stk-inner-blocks stk-8d0f3cb-inner-blocks\">\n<p>Pese a ser aut\u00f3noma, el trabajo en equipo siempre me ha encantado. Por ello, cuento con unos colaboradores maravillosos que te ayudar\u00e1n a llevar a tu marca a lo m\u00e1s grande. \u00bfQu\u00e9 te pueden ofrecer ellos? Sencillito:<\/p>\n\n\n\n<ul>\n<li>Creaci\u00f3n y mantenimiento de la web<\/li>\n\n\n\n<li>Facebook &amp; Instagram Ads<\/li>\n\n\n\n<li>Imagen corporativa<\/li>\n<\/ul>\n<\/div><\/div><\/div>\n<\/details>\n<\/div>\n\n\n\n<div class=\"wp-block-stackable-spacer stk-block-spacer stk--no-padding stk-block stk-5839e50\" data-block-id=\"5839e50\"><\/div>\n","protected":false},"excerpt":{"rendered":"<p>T\u00fa pide por esa boquita En esta vida, por pedir que no sea; luego ya veremos si podemos cumplirlo. Por si no se te ocurre nada, te dejo una lista de cosas que podr\u00eda hacer por ti. Redes sociales Eventos Otras cositas Pese a ser aut\u00f3noma, el trabajo en equipo siempre me ha encantado. Por [&hellip;]<\/p>\n","protected":false},"author":1,"featured_media":0,"parent":0,"menu_order":0,"comment_status":"closed","ping_status":"closed","template":"","meta":{"om_disable_all_campaigns":false,"_monsterinsights_skip_tracking":false,"_monsterinsights_sitenote_active":false,"_monsterinsights_sitenote_note":"","_monsterinsights_sitenote_category":0,"_themeisle_gutenberg_block_has_review":false,"footnotes":""},"blocksy_meta":"","aioseo_notices":[],"_links":{"self":[{"href":"https:\/\/nuriarobaina.es\/index.php?rest_route=\/wp\/v2\/pages\/19"}],"collection":[{"href":"https:\/\/nuriarobaina.es\/index.php?rest_route=\/wp\/v2\/pages"}],"about":[{"href":"https:\/\/nuriarobaina.es\/index.php?rest_route=\/wp\/v2\/types\/page"}],"author":[{"embeddable":true,"href":"https:\/\/nuriarobaina.es\/index.php?rest_route=\/wp\/v2\/users\/1"}],"replies":[{"embeddable":true,"href":"https:\/\/nuriarobaina.es\/index.php?rest_route=%2Fwp%2Fv2%2Fcomments&post=19"}],"version-history":[{"count":11,"href":"https:\/\/nuriarobaina.es\/index.php?rest_route=\/wp\/v2\/pages\/19\/revisions"}],"predecessor-version":[{"id":835,"href":"https:\/\/nuriarobaina.es\/index.php?rest_route=\/wp\/v2\/pages\/19\/revisions\/835"}],"wp:attachment":[{"href":"https:\/\/nuriarobaina.es\/index.php?rest_route=%2Fwp%2Fv2%2Fmedia&parent=19"}],"curies":[{"name":"wp","href":"https:\/\/api.w.org\/{rel}","templated":true}]}}